{"id":2,"date":"2025-09-25T16:26:00","date_gmt":"2025-09-25T16:26:00","guid":{"rendered":"http:\/\/miquelots.com\/?page_id=2"},"modified":"2026-04-04T10:50:51","modified_gmt":"2026-04-04T09:50:51","slug":"sample-page","status":"publish","type":"page","link":"https:\/\/miquelots.com\/index.php\/sample-page\/","title":{"rendered":"Une histoire mill\u00e9naire\u2026 de la coque au sabl\u00e9"},"content":{"rendered":"<div class=\"wp-block-image is-style-default\">\n<figure class=\"alignleft size-large is-resized\"><img loading=\"lazy\" decoding=\"async\" width=\"768\" height=\"1024\" src=\"http:\/\/miquelots.com\/wp-content\/uploads\/2026\/04\/IMG_9431-768x1024.jpg\" alt=\"\" class=\"wp-image-358\" style=\"aspect-ratio:1.4840707355673295;object-fit:cover;width:400px\" srcset=\"https:\/\/miquelots.com\/wp-content\/uploads\/2026\/04\/IMG_9431-768x1024.jpg 768w, https:\/\/miquelots.com\/wp-content\/uploads\/2026\/04\/IMG_9431-225x300.jpg 225w, https:\/\/miquelots.com\/wp-content\/uploads\/2026\/04\/IMG_9431-1152x1536.jpg 1152w, https:\/\/miquelots.com\/wp-content\/uploads\/2026\/04\/IMG_9431.jpg 1536w\" sizes=\"auto, (max-width: 767px) 89vw, (max-width: 1000px) 54vw, (max-width: 1071px) 543px, 580px\" \/><\/figure>\n<\/div>\n\n\n<p class=\"has-small-font-size\">Depuis plus de 13 si\u00e8cles, des p\u00e8lerins convergent vers le Mont Saint-Michel : on les appelle les <strong>Miquelots.<\/strong><\/p>\n\n\n\n<p class=\"has-small-font-size\">Ils viennent se confier \u00e0 l\u2019archange Michel.<\/p>\n\n\n\n<p class=\"has-small-font-size\">En souvenir de leur p\u00e8lerinage, ils rapportent chez eux une coque de la baie.<\/p>\n\n\n\n<div class=\"wp-block-group is-nowrap is-layout-flex wp-container-core-group-is-layout-ad2f72ca wp-block-group-is-layout-flex\">\n<div class=\"wp-block-group is-vertical is-content-justification-left is-layout-flex wp-container-core-group-is-layout-c0ca7d81 wp-block-group-is-layout-flex\">\n<p class=\"has-small-font-size\"><strong>La Fraternit\u00e9 Monastique des soeurs de J\u00e9rusalem<\/strong> au Mont Saint-Michel perp\u00e9tue cette tradition en cr\u00e9ant cet assortiment de d\u00e9licieux biscuits en forme de coque. <\/p>\n\n\n\n<div style=\"height:0px\" aria-hidden=\"true\" class=\"wp-block-spacer wp-container-content-9760934e\"><\/div>\n<\/div>\n<\/div>\n\n\n\n<div style=\"height:31px\" aria-hidden=\"true\" class=\"wp-block-spacer\"><\/div>\n\n\n\n<p class=\"has-small-font-size\">\u00c0 l\u2019<strong>Abbaye du Mont Saint-Michel<\/strong>, les Fraternit\u00e9s Monastiques de J\u00e9rusalem vivent leur mission de pri\u00e8re <strong>\u00ab au coeur du monde \u00bb<\/strong> pour \u00eatre <strong>\u00ab au coeur de Dieu \u00bb<\/strong> : une vie qui s\u2019articule autour de trois piliers, que sont la pri\u00e8re, l\u2019accueil et la vie fraternelle.<\/p>\n\n\n<div class=\"wp-block-image\">\n<figure class=\"aligncenter size-large is-resized\"><img loading=\"lazy\" decoding=\"async\" width=\"1024\" height=\"690\" src=\"http:\/\/miquelots.com\/wp-content\/uploads\/2025\/10\/IMG_6270-scaled-e1759856524612-1024x690.jpg\" alt=\"\" class=\"wp-image-119\" style=\"aspect-ratio:1.4840707355673295;width:491px;height:auto\"\/><\/figure>\n<\/div>\n\n\n<div style=\"height:100px\" aria-hidden=\"true\" class=\"wp-block-spacer\"><\/div>\n\n\n\n<p class=\"has-small-font-size\"><em>Photos @ Laurence du Tilly<\/em><\/p>\n","protected":false},"excerpt":{"rendered":"<p>Depuis plus de 13 si\u00e8cles, des p\u00e8lerins convergent vers le Mont Saint-Michel : on les appelle les Miquelots. Ils viennent se confier \u00e0 l\u2019archange Michel. En souvenir de leur p\u00e8lerinage, ils rapportent chez eux une coque de la baie. La Fraternit\u00e9 Monastique des soeurs de J\u00e9rusalem au Mont Saint-Michel perp\u00e9tue cette tradition en cr\u00e9ant cet &hellip; <\/p>\n<p class=\"link-more\"><a href=\"https:\/\/miquelots.com\/index.php\/sample-page\/\" class=\"more-link\">Continuer la lecture<span class=\"screen-reader-text\"> de &laquo;&nbsp;Une histoire mill\u00e9naire\u2026 de la coque au sabl\u00e9&nbsp;&raquo;<\/span><\/a><\/p>\n","protected":false},"author":1,"featured_media":360,"parent":0,"menu_order":0,"comment_status":"closed","ping_status":"open","template":"","meta":{"footnotes":""},"class_list":["post-2","page","type-page","status-publish","has-post-thumbnail","hentry"],"_links":{"self":[{"href":"https:\/\/miquelots.com\/index.php\/wp-json\/wp\/v2\/pages\/2","targetHints":{"allow":["GET"]}}],"collection":[{"href":"https:\/\/miquelots.com\/index.php\/wp-json\/wp\/v2\/pages"}],"about":[{"href":"https:\/\/miquelots.com\/index.php\/wp-json\/wp\/v2\/types\/page"}],"author":[{"embeddable":true,"href":"https:\/\/miquelots.com\/index.php\/wp-json\/wp\/v2\/users\/1"}],"replies":[{"embeddable":true,"href":"https:\/\/miquelots.com\/index.php\/wp-json\/wp\/v2\/comments?post=2"}],"version-history":[{"count":30,"href":"https:\/\/miquelots.com\/index.php\/wp-json\/wp\/v2\/pages\/2\/revisions"}],"predecessor-version":[{"id":527,"href":"https:\/\/miquelots.com\/index.php\/wp-json\/wp\/v2\/pages\/2\/revisions\/527"}],"wp:featuredmedia":[{"embeddable":true,"href":"https:\/\/miquelots.com\/index.php\/wp-json\/wp\/v2\/media\/360"}],"wp:attachment":[{"href":"https:\/\/miquelots.com\/index.php\/wp-json\/wp\/v2\/media?parent=2"}],"curies":[{"name":"wp","href":"https:\/\/api.w.org\/{rel}","templated":true}]}}