{"id":83,"date":"2025-10-07T16:17:58","date_gmt":"2025-10-07T15:17:58","guid":{"rendered":"https:\/\/miquelots.com\/?page_id=83"},"modified":"2026-04-04T10:49:46","modified_gmt":"2026-04-04T09:49:46","slug":"les-miquelots","status":"publish","type":"page","link":"https:\/\/miquelots.com\/","title":{"rendered":"Les Miquelots"},"content":{"rendered":"\n<p class=\"has-small-font-size\"><em>D\u00e9couvrez les d\u00e9licieux biscuits \u00e9labor\u00e9s selon les recettes secr\u00e8tes des s\u0153urs de l&rsquo;Abbaye du Mont Saint-Michel !<\/em><\/p>\n\n\n<div class=\"wp-block-image\">\n<figure class=\"aligncenter size-large is-resized\"><img loading=\"lazy\" decoding=\"async\" width=\"768\" height=\"1024\" src=\"http:\/\/miquelots.com\/wp-content\/uploads\/2026\/04\/IMG_9140-1-768x1024.jpg\" alt=\"\" class=\"wp-image-271\" style=\"width:500px\" srcset=\"https:\/\/miquelots.com\/wp-content\/uploads\/2026\/04\/IMG_9140-1-768x1024.jpg 768w, https:\/\/miquelots.com\/wp-content\/uploads\/2026\/04\/IMG_9140-1-225x300.jpg 225w, https:\/\/miquelots.com\/wp-content\/uploads\/2026\/04\/IMG_9140-1-1152x1536.jpg 1152w, https:\/\/miquelots.com\/wp-content\/uploads\/2026\/04\/IMG_9140-1.jpg 1536w\" sizes=\"auto, (max-width: 767px) 89vw, (max-width: 1000px) 54vw, (max-width: 1071px) 543px, 580px\" \/><\/figure>\n<\/div>\n\n\n<figure class=\"wp-block-gallery has-nested-images columns-default is-cropped wp-block-gallery-1 is-layout-flex wp-block-gallery-is-layout-flex\">\n<figure class=\"wp-block-image size-large is-resized\"><img loading=\"lazy\" decoding=\"async\" width=\"768\" height=\"1024\" data-id=\"300\" src=\"https:\/\/miquelots.com\/wp-content\/uploads\/2026\/04\/IMG_9225-768x1024.jpg\" alt=\"\" class=\"wp-image-300\" style=\"width:200px\" srcset=\"https:\/\/miquelots.com\/wp-content\/uploads\/2026\/04\/IMG_9225-768x1024.jpg 768w, https:\/\/miquelots.com\/wp-content\/uploads\/2026\/04\/IMG_9225-225x300.jpg 225w, https:\/\/miquelots.com\/wp-content\/uploads\/2026\/04\/IMG_9225-1152x1536.jpg 1152w, https:\/\/miquelots.com\/wp-content\/uploads\/2026\/04\/IMG_9225.jpg 1536w\" sizes=\"auto, (max-width: 767px) 89vw, (max-width: 1000px) 54vw, (max-width: 1071px) 543px, 580px\" \/><\/figure>\n\n\n\n<figure class=\"wp-block-image size-large is-resized\"><img loading=\"lazy\" decoding=\"async\" width=\"768\" height=\"1024\" data-id=\"353\" src=\"https:\/\/miquelots.com\/wp-content\/uploads\/2026\/04\/IMG_9405-768x1024.jpg\" alt=\"\" class=\"wp-image-353\" style=\"width:200px\" srcset=\"https:\/\/miquelots.com\/wp-content\/uploads\/2026\/04\/IMG_9405-768x1024.jpg 768w, https:\/\/miquelots.com\/wp-content\/uploads\/2026\/04\/IMG_9405-225x300.jpg 225w, https:\/\/miquelots.com\/wp-content\/uploads\/2026\/04\/IMG_9405-1152x1536.jpg 1152w, https:\/\/miquelots.com\/wp-content\/uploads\/2026\/04\/IMG_9405.jpg 1536w\" sizes=\"auto, (max-width: 767px) 89vw, (max-width: 1000px) 54vw, (max-width: 1071px) 543px, 580px\" \/><\/figure>\n\n\n\n<figure class=\"wp-block-image size-large\"><img loading=\"lazy\" decoding=\"async\" width=\"768\" height=\"1024\" data-id=\"390\" src=\"https:\/\/miquelots.com\/wp-content\/uploads\/2026\/04\/IMG_9565-768x1024.jpg\" alt=\"\" class=\"wp-image-390\" srcset=\"https:\/\/miquelots.com\/wp-content\/uploads\/2026\/04\/IMG_9565-768x1024.jpg 768w, https:\/\/miquelots.com\/wp-content\/uploads\/2026\/04\/IMG_9565-225x300.jpg 225w, https:\/\/miquelots.com\/wp-content\/uploads\/2026\/04\/IMG_9565-1152x1536.jpg 1152w, https:\/\/miquelots.com\/wp-content\/uploads\/2026\/04\/IMG_9565.jpg 1536w\" sizes=\"auto, (max-width: 767px) 89vw, (max-width: 1000px) 54vw, (max-width: 1071px) 543px, 580px\" \/><\/figure>\n\n\n\n<figure class=\"wp-block-image size-large\"><img loading=\"lazy\" decoding=\"async\" width=\"768\" height=\"1024\" data-id=\"289\" src=\"https:\/\/miquelots.com\/wp-content\/uploads\/2026\/04\/IMG_9186-768x1024.jpg\" alt=\"\" class=\"wp-image-289\" srcset=\"https:\/\/miquelots.com\/wp-content\/uploads\/2026\/04\/IMG_9186-768x1024.jpg 768w, https:\/\/miquelots.com\/wp-content\/uploads\/2026\/04\/IMG_9186-225x300.jpg 225w, https:\/\/miquelots.com\/wp-content\/uploads\/2026\/04\/IMG_9186-1152x1536.jpg 1152w, https:\/\/miquelots.com\/wp-content\/uploads\/2026\/04\/IMG_9186.jpg 1536w\" sizes=\"auto, (max-width: 767px) 89vw, (max-width: 1000px) 54vw, (max-width: 1071px) 543px, 580px\" \/><\/figure>\n\n\n\n<figure class=\"wp-block-image size-large is-resized\"><img loading=\"lazy\" decoding=\"async\" width=\"768\" height=\"1024\" data-id=\"290\" src=\"https:\/\/miquelots.com\/wp-content\/uploads\/2026\/04\/IMG_9189-768x1024.jpg\" alt=\"\" class=\"wp-image-290\" style=\"width:300px\" srcset=\"https:\/\/miquelots.com\/wp-content\/uploads\/2026\/04\/IMG_9189-768x1024.jpg 768w, https:\/\/miquelots.com\/wp-content\/uploads\/2026\/04\/IMG_9189-225x300.jpg 225w, https:\/\/miquelots.com\/wp-content\/uploads\/2026\/04\/IMG_9189-1152x1536.jpg 1152w, https:\/\/miquelots.com\/wp-content\/uploads\/2026\/04\/IMG_9189.jpg 1536w\" sizes=\"auto, (max-width: 767px) 89vw, (max-width: 1000px) 54vw, (max-width: 1071px) 543px, 580px\" \/><\/figure>\n\n\n\n<figure class=\"wp-block-image size-large is-resized\"><img loading=\"lazy\" decoding=\"async\" width=\"768\" height=\"1024\" data-id=\"288\" src=\"https:\/\/miquelots.com\/wp-content\/uploads\/2026\/04\/IMG_9182-768x1024.jpg\" alt=\"\" class=\"wp-image-288\" style=\"width:300px\" srcset=\"https:\/\/miquelots.com\/wp-content\/uploads\/2026\/04\/IMG_9182-768x1024.jpg 768w, https:\/\/miquelots.com\/wp-content\/uploads\/2026\/04\/IMG_9182-225x300.jpg 225w, https:\/\/miquelots.com\/wp-content\/uploads\/2026\/04\/IMG_9182-1152x1536.jpg 1152w, https:\/\/miquelots.com\/wp-content\/uploads\/2026\/04\/IMG_9182.jpg 1536w\" sizes=\"auto, (max-width: 767px) 89vw, (max-width: 1000px) 54vw, (max-width: 1071px) 543px, 580px\" \/><\/figure>\n<figcaption class=\"blocks-gallery-caption wp-element-caption\">Photos @ Laurence du Tilly<\/figcaption><\/figure>\n","protected":false},"excerpt":{"rendered":"<p>D\u00e9couvrez les d\u00e9licieux biscuits \u00e9labor\u00e9s selon les recettes secr\u00e8tes des s\u0153urs de l&rsquo;Abbaye du Mont Saint-Michel !<\/p>\n","protected":false},"author":1,"featured_media":336,"parent":0,"menu_order":0,"comment_status":"closed","ping_status":"closed","template":"","meta":{"footnotes":""},"class_list":["post-83","page","type-page","status-publish","has-post-thumbnail","hentry"],"_links":{"self":[{"href":"https:\/\/miquelots.com\/index.php\/wp-json\/wp\/v2\/pages\/83","targetHints":{"allow":["GET"]}}],"collection":[{"href":"https:\/\/miquelots.com\/index.php\/wp-json\/wp\/v2\/pages"}],"about":[{"href":"https:\/\/miquelots.com\/index.php\/wp-json\/wp\/v2\/types\/page"}],"author":[{"embeddable":true,"href":"https:\/\/miquelots.com\/index.php\/wp-json\/wp\/v2\/users\/1"}],"replies":[{"embeddable":true,"href":"https:\/\/miquelots.com\/index.php\/wp-json\/wp\/v2\/comments?post=83"}],"version-history":[{"count":42,"href":"https:\/\/miquelots.com\/index.php\/wp-json\/wp\/v2\/pages\/83\/revisions"}],"predecessor-version":[{"id":525,"href":"https:\/\/miquelots.com\/index.php\/wp-json\/wp\/v2\/pages\/83\/revisions\/525"}],"wp:featuredmedia":[{"embeddable":true,"href":"https:\/\/miquelots.com\/index.php\/wp-json\/wp\/v2\/media\/336"}],"wp:attachment":[{"href":"https:\/\/miquelots.com\/index.php\/wp-json\/wp\/v2\/media?parent=83"}],"curies":[{"name":"wp","href":"https:\/\/api.w.org\/{rel}","templated":true}]}}